{"id":2685,"date":"2023-08-29T17:16:37","date_gmt":"2023-08-29T15:16:37","guid":{"rendered":"https:\/\/lunetterie.ch\/informazioni-legali\/"},"modified":"2025-09-22T09:24:36","modified_gmt":"2025-09-22T07:24:36","slug":"informazioni-legali","status":"publish","type":"page","link":"https:\/\/lunetterie.ch\/it\/informazioni-legali\/","title":{"rendered":"Informazioni legali"},"content":{"rendered":"\t\t<div data-elementor-type=\"wp-post\" data-elementor-id=\"2685\" class=\"elementor elementor-2685 elementor-430\" data-elementor-post-type=\"page\">\n\t\t\t\t\t\t<section class=\"elementor-section elementor-top-section elementor-element elementor-element-936e49b elementor-section-boxed elementor-section-height-default elementor-section-height-default\" data-id=\"936e49b\" data-element_type=\"section\" data-settings=\"{&quot;background_background&quot;:&quot;classic&quot;}\">\n\t\t\t\t\t\t<div class=\"elementor-container elementor-column-gap-no\">\n\t\t\t\t\t<div class=\"elementor-column elementor-col-100 elementor-top-column elementor-element elementor-element-4dc1554\" data-id=\"4dc1554\" data-element_type=\"column\">\n\t\t\t<div class=\"elementor-widget-wrap elementor-element-populated\">\n\t\t\t\t\t\t<div class=\"elementor-element elementor-element-89b18aa elementor-invisible elementor-widget elementor-widget-heading\" data-id=\"89b18aa\" data-element_type=\"widget\" data-settings=\"{&quot;_animation&quot;:&quot;fadeInDown&quot;}\" data-widget_type=\"heading.default\">\n\t\t\t\t<div class=\"elementor-widget-container\">\n\t\t\t\t\t<h1 class=\"elementor-heading-title elementor-size-default\">Informazioni legali<\/h1>\t\t\t\t<\/div>\n\t\t\t\t<\/div>\n\t\t\t\t\t<\/div>\n\t\t<\/div>\n\t\t\t\t\t<\/div>\n\t\t<\/section>\n\t\t\t\t<section class=\"elementor-section elementor-top-section elementor-element elementor-element-c3ce8f6 elementor-section-boxed elementor-section-height-default elementor-section-height-default\" data-id=\"c3ce8f6\" data-element_type=\"section\">\n\t\t\t\t\t\t<div class=\"elementor-container elementor-column-gap-no\">\n\t\t\t\t\t<div class=\"elementor-column elementor-col-100 elementor-top-column elementor-element elementor-element-40771cf\" data-id=\"40771cf\" data-element_type=\"column\">\n\t\t\t<div class=\"elementor-widget-wrap elementor-element-populated\">\n\t\t\t\t\t\t<div class=\"elementor-element elementor-element-079c667 elementor-widget elementor-widget-text-editor\" data-id=\"079c667\" data-element_type=\"widget\" data-widget_type=\"text-editor.default\">\n\t\t\t\t<div class=\"elementor-widget-container\">\n\t\t\t\t\t\t\t\t\t<h3>Responsabilit\u00e0<\/h3><p>Lunetterie du L\u00e9man SA<br>Rue de Lausanne 10<br>1800 Vevey<br>Svizzera<\/p><p>021 921 15 27<br><a href=\"mailto:info@lunetterie.ch\">info@lunetterie.ch<\/a><\/p><p>Lunetterie du L\u00e9man SA \u00e8 iscritta al registro delle imprese del Cantone di Vaud (numero di registro delle imprese CH-550.0.119.000-4) ed \u00e8 rappresentata da Amin Kashani, Presidente del Consiglio di Amministrazione. La sua partita IVA svizzera \u00e8 CHE-101.571.240. <\/p><p> <\/p><h3>Design e produzione<\/h3><p>Eyetech AG<br>Agenzia V.EYE.P<br><a href=\"https:\/\/eyetech.ch\">www.eyetech.ch<\/a><\/p>\t\t\t\t\t\t\t\t<\/div>\n\t\t\t\t<\/div>\n\t\t\t\t\t<\/div>\n\t\t<\/div>\n\t\t\t\t\t<\/div>\n\t\t<\/section>\n\t\t\t\t<\/div>\n\t\t","protected":false},"excerpt":{"rendered":"<p>Informazioni legali Responsabilit\u00e0 Lunetterie du L\u00e9man SARue de Lausanne 101800 VeveySvizzera 021 921 15 27info@lunetterie.ch Lunetterie du L\u00e9man SA \u00e8 iscritta al registro delle imprese del Cantone di Vaud (numero di registro delle imprese CH-550.0.119.000-4) ed \u00e8 rappresentata da Amin Kashani, Presidente del Consiglio di Amministrazione. La sua partita IVA svizzera \u00e8 CHE-101.571.240. Design e [&hellip;]<\/p>\n","protected":false},"author":1,"featured_media":0,"parent":0,"menu_order":0,"comment_status":"closed","ping_status":"closed","template":"elementor_header_footer","meta":{"footnotes":""},"class_list":["post-2685","page","type-page","status-publish","hentry"],"_links":{"self":[{"href":"https:\/\/lunetterie.ch\/it\/wp-json\/wp\/v2\/pages\/2685","targetHints":{"allow":["GET"]}}],"collection":[{"href":"https:\/\/lunetterie.ch\/it\/wp-json\/wp\/v2\/pages"}],"about":[{"href":"https:\/\/lunetterie.ch\/it\/wp-json\/wp\/v2\/types\/page"}],"author":[{"embeddable":true,"href":"https:\/\/lunetterie.ch\/it\/wp-json\/wp\/v2\/users\/1"}],"replies":[{"embeddable":true,"href":"https:\/\/lunetterie.ch\/it\/wp-json\/wp\/v2\/comments?post=2685"}],"version-history":[{"count":1,"href":"https:\/\/lunetterie.ch\/it\/wp-json\/wp\/v2\/pages\/2685\/revisions"}],"predecessor-version":[{"id":2686,"href":"https:\/\/lunetterie.ch\/it\/wp-json\/wp\/v2\/pages\/2685\/revisions\/2686"}],"wp:attachment":[{"href":"https:\/\/lunetterie.ch\/it\/wp-json\/wp\/v2\/media?parent=2685"}],"curies":[{"name":"wp","href":"https:\/\/api.w.org\/{rel}","templated":true}]}}